{"id":123,"date":"2017-05-31T20:52:23","date_gmt":"2017-05-31T20:52:23","guid":{"rendered":"http:\/\/totzenbach.at.c51.previewmysite.eu\/?page_id=123"},"modified":"2018-04-26T14:20:16","modified_gmt":"2018-04-26T14:20:16","slug":"dorfarchiv","status":"publish","type":"page","link":"http:\/\/totzenbach.at\/?page_id=123","title":{"rendered":"Dorfarchiv &#8211; Leo Rollenitz Archiv"},"content":{"rendered":"<h1><i><img loading=\"lazy\" decoding=\"async\" class=\"wp-image-359 alignright\" src=\"http:\/\/totzenbach.at.c51.previewmysite.eu\/wp-content\/uploads\/2017\/05\/Gruppen-foto-300x100.jpg\" alt=\"\" width=\"346\" height=\"119\" \/><\/i><\/h1>\n<h1><i>Das Kirchstettener Leo-Rollenitz-Archiv<\/i><\/h1>\n<p>Helfen Sie uns, Dorf- und Lokalgeschichte zu bewahren! Seit 2011 engagiert sich in Totzenbach das Projektteam ZeitZeigen um die Sammlung und Betreuung des historischen Erbes der Region des westlichen Wienerwaldes. Die im Zuge der Ausstellung &#8222;40 Jahre Gemeindezusammenlegung \/ 80 Jahre im Dorf&#8220; 2011, der Ausstellung &#8222;Weltkrieg im Dorf&#8220; 2014 und der Ausstellung &#8222;Schlossgeschichte(n)&#8220; 2016 gesammelten Gegenst\u00e4nde, B\u00fccher und Erinnerungen wurden dort zusammengetragen.<\/p>\n<p>Seit 2017 hat unser Archiv eine neue Heimat gefunden: Direkt neben dem malerischen Schloss Totzenbach wurde von Herbert Berger ein Archiv mit Ausstellungsraum adaptiert, das wir nach dem verdienstvollen Heimatforscher Leo Rollenitz benannt haben.<\/p>\n<p>Vom alten Schulbuch \u00fcber Fotos bis zu Sammelmarken vom Greissler spannt sich der Bogen der vorhandenen Fundst\u00fccke. <strong>Wir laden die Ortsbev\u00f6lkerung ein, alte Dokumente, Fotos und Gegenst\u00e4nde dem Archiv zu \u00fcbergeben!<\/strong> Einzige Voraussetzung: Es sollte ein Bezug zu unserer Gemeinde oder Ihrer Familiengeschichte vorhanden sein.<\/p>\n<h1 style=\"line-height: 37.4px;\"><i><img loading=\"lazy\" decoding=\"async\" class=\"size-medium wp-image-362 alignleft\" src=\"http:\/\/totzenbach.at.c51.previewmysite.eu\/wp-content\/uploads\/2017\/05\/Bildgeschichte-300x196.jpg\" alt=\"\" width=\"300\" height=\"196\" srcset=\"http:\/\/totzenbach.at.c51.previewmysite.eu\/wp-content\/uploads\/2017\/05\/Bildgeschichte-300x196.jpg 300w, http:\/\/totzenbach.at.c51.previewmysite.eu\/wp-content\/uploads\/2017\/05\/Bildgeschichte-768x501.jpg 768w, http:\/\/totzenbach.at.c51.previewmysite.eu\/wp-content\/uploads\/2017\/05\/Bildgeschichte-1024x669.jpg 1024w, http:\/\/totzenbach.at.c51.previewmysite.eu\/wp-content\/uploads\/2017\/05\/Bildgeschichte-900x588.jpg 900w, http:\/\/totzenbach.at.c51.previewmysite.eu\/wp-content\/uploads\/2017\/05\/Bildgeschichte-1280x836.jpg 1280w, http:\/\/totzenbach.at.c51.previewmysite.eu\/wp-content\/uploads\/2017\/05\/Bildgeschichte.jpg 2048w\" sizes=\"(max-width: 300px) 100vw, 300px\" \/><\/i><\/h1>\n<p>Wer etwas in seinem Fundus hat, kann uns per e-mail an<br \/>\nmarcel.chahrour@gmx.at oder telefonisch unter 02743\/8696 (Fam. Rollenitz) oder 0681-814 50707 (Marcel Chahrour) kontaktieren! Gegenst\u00e4nde oder Bilder, von denen Sie sich nicht trennen wollen, fotographieren wir, um sie f\u00fcr die Nachwelt zu erhalten und f\u00fcr die Gemeindegeschichte zug\u00e4nglich zu machen.<\/p>\n<p>Unser Archiv ist immer am ersten Samstag im Monat von 14 &#8211; 17 Uhr ge\u00f6ffnet. Gerne \u00f6ffnen wir auch f\u00fcr Gruppen nach Voranmeldung bei Marcel Chahrour! ( Kontakt s. oben)<\/p>\n","protected":false},"excerpt":{"rendered":"<p>Das Kirchstettener Leo-Rollenitz-Archiv Helfen Sie uns, Dorf- und Lokalgeschichte zu bewahren! Seit 2011 engagiert sich in Totzenbach das Projektteam ZeitZeigen um die Sammlung und Betreuung des historischen Erbes der Region [&hellip;]<\/p>\n","protected":false},"author":1,"featured_media":0,"parent":207,"menu_order":2,"comment_status":"closed","ping_status":"closed","template":"","meta":{"footnotes":""},"_links":{"self":[{"href":"http:\/\/totzenbach.at\/index.php?rest_route=\/wp\/v2\/pages\/123"}],"collection":[{"href":"http:\/\/totzenbach.at\/index.php?rest_route=\/wp\/v2\/pages"}],"about":[{"href":"http:\/\/totzenbach.at\/index.php?rest_route=\/wp\/v2\/types\/page"}],"author":[{"embeddable":true,"href":"http:\/\/totzenbach.at\/index.php?rest_route=\/wp\/v2\/users\/1"}],"replies":[{"embeddable":true,"href":"http:\/\/totzenbach.at\/index.php?rest_route=%2Fwp%2Fv2%2Fcomments&post=123"}],"version-history":[{"count":10,"href":"http:\/\/totzenbach.at\/index.php?rest_route=\/wp\/v2\/pages\/123\/revisions"}],"predecessor-version":[{"id":377,"href":"http:\/\/totzenbach.at\/index.php?rest_route=\/wp\/v2\/pages\/123\/revisions\/377"}],"up":[{"embeddable":true,"href":"http:\/\/totzenbach.at\/index.php?rest_route=\/wp\/v2\/pages\/207"}],"wp:attachment":[{"href":"http:\/\/totzenbach.at\/index.php?rest_route=%2Fwp%2Fv2%2Fmedia&parent=123"}],"curies":[{"name":"wp","href":"https:\/\/api.w.org\/{rel}","templated":true}]}}