{"id":139,"date":"2017-06-03T19:46:08","date_gmt":"2017-06-03T19:46:08","guid":{"rendered":"http:\/\/totzenbach.at.c51.previewmysite.eu\/?page_id=139"},"modified":"2017-11-06T22:24:07","modified_gmt":"2017-11-06T22:24:07","slug":"verein-der-freunde-totzenbachs","status":"publish","type":"page","link":"http:\/\/totzenbach.at\/?page_id=139","title":{"rendered":"Der &#8222;Verein der Freunde Totzenbachs&#8220;"},"content":{"rendered":"<h3><img loading=\"lazy\" decoding=\"async\" class=\"wp-image-236 alignright\" src=\"http:\/\/totzenbach.at.c51.previewmysite.eu\/wp-content\/uploads\/2017\/06\/Verein-300x200.jpg\" alt=\"\" width=\"475\" height=\"321\" \/>&#8222;Gemeinsam leben&#8230; statt einsam sterben&#8220;<\/h3>\n<p>Mit dieser fast &#8222;Jandl&#8217;schen&#8220; Einleitung und etwas provokanten Aussage (beides \u00ae Herbert Berger) k\u00f6nnte man die Ziele des Vereins der Freunde Totzenbachs zusammenfassen.\u00a0Der Verein der Freunde Totzenbachs ist gelebte Dorfkultur. Der Verein ist eine offene Anlaufstelle f\u00fcr alle, die das Leben im Dorf aktiv mitgestalten wollen.<\/p>\n<p>Die wichtigsten gemein\u00fctzigen Ziele des Vereins sind:<\/p>\n<ul>\n<li>Erhaltung und Verbesserung der Lebensqualit\u00e4t der ortsans\u00e4ssigen Bev\u00f6lkerung, Integration aller Bev\u00f6lkerungsgruppen sowie Pflege und F\u00f6rderung von Kultur.<\/li>\n<li>Erhaltung und Pflege des Orts- und Landschaftsbildes sowie die Vertiefung des Bewusstseins f\u00fcr diese Werte.<\/li>\n<li>Abhaltung eigener Veranstaltungen kulturellen, gesellschaftlichen und sportlichen Charakters sowie Mitwirkung bei der organisatorischen Durchf\u00fchrung und der Gestaltung sonstiger Veranstaltungen von allgemeinem Interesse.<\/li>\n<li>Unterst\u00fctzung von Ortsgemeinschaften bei Veranstaltungen zur F\u00f6rderung von Gemeinschaft und Geselligkeit.<\/li>\n<li>Schaffung, F\u00f6rderung und Betrieb von Sport-, Freizeit und kulturellen Einrichtungen.<\/li>\n<\/ul>\n<p>Aktivit\u00e4ten der letzten Jahre waren unter anderem der j\u00e4hrliche Kindermaskenball, der R\u00e4tselwandertag, der j\u00e4hrliche \u201eFr\u00fchling in der Dorfschmiede\u201c, Beitr\u00e4ge zum Ferienspiel, Brauchtumspflege, Pflege der Wanderwege, Feiern, Konzerte, Lesungen, Adventkranzfeiern und die weit \u00fcber die weit \u00fcber die Ortsgrenze bekannte \u201eVorweihnacht in Totzenbach\u201c<\/p>\n<p>Um alle diese Ziele und Neues auch weiterhin verwirklichen zu k\u00f6nnen, bitten wir Sie um pers\u00f6nliche Mitarbeit und \/ oder finanzielle Unterst\u00fctzung. Wir garantieren, dass jede Spende f\u00fcr Totzenbach verwendet wird!<\/p>\n<p>Volksbank N\u00d6 Mitte (47150) Kto. 500 4858 0000<br \/>\nIBAN: AT79 4715 0500 4858 0000 BIC: VBOEATWWNOM<\/p>\n<p>Verein der Freunde Totzenbachs<br \/>\nZVR: 803 657 131 DVR: 066252<\/p>\n<p><a href=\"http:\/\/totzenbach.at.c51.previewmysite.eu\/wp-content\/uploads\/2017\/11\/Verein-start.pdf\">Zum Verein der Freunde Totzenbachs 2001-2015<\/a><\/p>\n<p><a href=\"http:\/\/totzenbach.at.c51.previewmysite.eu\/wp-content\/uploads\/2017\/11\/Verein-Geschichte.pdf\">Die Entwicklung des Vereins der Freunde Totzenbachs<\/a><\/p>\n<p><a href=\"http:\/\/totzenbach.at.c51.previewmysite.eu\/wp-content\/uploads\/2017\/11\/Jubil\u00e4en.pdf\">Jubil\u00e4en und Jubilare des Vereins der Freunde Totzenbachs<\/a><\/p>\n<pre><em>(Die Texte im download stammen aus der alten Website des Vereins der Freunde Totzenbachs und wurden in den Jahren 2001-2015 verfasst\/bearbeitet. Wir haben ihn als historisches Dokument aufgehoben. Neuere Informationen finden Sie gegebenenfalls auf dieser Seite.)\u00a0\u00a0<\/em><\/pre>\n<p>&nbsp;<\/p>\n","protected":false},"excerpt":{"rendered":"<p>&#8222;Gemeinsam leben&#8230; statt einsam sterben&#8220; Mit dieser fast &#8222;Jandl&#8217;schen&#8220; Einleitung und etwas provokanten Aussage (beides \u00ae Herbert Berger) k\u00f6nnte man die Ziele des Vereins der Freunde Totzenbachs zusammenfassen.\u00a0Der Verein der [&hellip;]<\/p>\n","protected":false},"author":1,"featured_media":0,"parent":0,"menu_order":0,"comment_status":"closed","ping_status":"closed","template":"full-width-page-template.php","meta":{"footnotes":""},"_links":{"self":[{"href":"http:\/\/totzenbach.at\/index.php?rest_route=\/wp\/v2\/pages\/139"}],"collection":[{"href":"http:\/\/totzenbach.at\/index.php?rest_route=\/wp\/v2\/pages"}],"about":[{"href":"http:\/\/totzenbach.at\/index.php?rest_route=\/wp\/v2\/types\/page"}],"author":[{"embeddable":true,"href":"http:\/\/totzenbach.at\/index.php?rest_route=\/wp\/v2\/users\/1"}],"replies":[{"embeddable":true,"href":"http:\/\/totzenbach.at\/index.php?rest_route=%2Fwp%2Fv2%2Fcomments&post=139"}],"version-history":[{"count":8,"href":"http:\/\/totzenbach.at\/index.php?rest_route=\/wp\/v2\/pages\/139\/revisions"}],"predecessor-version":[{"id":357,"href":"http:\/\/totzenbach.at\/index.php?rest_route=\/wp\/v2\/pages\/139\/revisions\/357"}],"wp:attachment":[{"href":"http:\/\/totzenbach.at\/index.php?rest_route=%2Fwp%2Fv2%2Fmedia&parent=139"}],"curies":[{"name":"wp","href":"https:\/\/api.w.org\/{rel}","templated":true}]}}