{"id":142,"date":"2017-06-03T19:48:57","date_gmt":"2017-06-03T19:48:57","guid":{"rendered":"http:\/\/totzenbach.at.c51.previewmysite.eu\/?page_id=142"},"modified":"2017-11-06T22:05:52","modified_gmt":"2017-11-06T22:05:52","slug":"dorfmuseum","status":"publish","type":"page","link":"http:\/\/totzenbach.at\/?page_id=142","title":{"rendered":"Dorfmuseum &#8222;Alte Schmiede&#8220;"},"content":{"rendered":"<div id=\"attachment_339\" style=\"width: 226px\" class=\"wp-caption alignleft\"><img loading=\"lazy\" decoding=\"async\" aria-describedby=\"caption-attachment-339\" class=\"size-medium wp-image-339\" src=\"http:\/\/totzenbach.at.c51.previewmysite.eu\/wp-content\/uploads\/2017\/06\/Schmiede_1-216x300.jpg\" alt=\"\" width=\"216\" height=\"300\" srcset=\"http:\/\/totzenbach.at.c51.previewmysite.eu\/wp-content\/uploads\/2017\/06\/Schmiede_1-216x300.jpg 216w, http:\/\/totzenbach.at.c51.previewmysite.eu\/wp-content\/uploads\/2017\/06\/Schmiede_1.jpg 334w\" sizes=\"(max-width: 216px) 100vw, 216px\" \/><p id=\"caption-attachment-339\" class=\"wp-caption-text\"><em>Die alte Schmiede von Totzenbach ist bei Veranstaltungen noch immer in Betrieb.<\/em><\/p><\/div>\n<h3><b>Dorfmuseum &#8222;Alte Schmiede&#8220;<\/b><\/h3>\n<p><em>von Leo Rollenitz<\/em><\/p>\n<p><span style=\"font-size: large;\">Seit wenigen Jahren hat sich in Totzenbach\u00a0ein kleines Dorfmuseum mit Schmiede etabliert, welches auch jeweils am 1. Mai und zu manchmal auch Herbstbeginn mit einem &#8222;Schmittenfestl&#8220; zum fixen Bestandteil der Dorfereignisse beitr\u00e4gt.<br \/>\n<\/span><\/p>\n<p><span style=\"font-size: large;\">Im Zuge eines gro\u00dfen Dorffestes 1986 kamen einige Sch\u00e4tze hervor &#8211; auch das Publikumsinteresse an den den Handwerksvorf\u00fchrungen und der Dorfgrei\u00dflerei war \u00fcberraschend hoch. So entstand die Idee, eines der alten Dorfh\u00e4user eventuell f\u00fcr st\u00e4ndige Sammlungen zu adaptieren. Die Grei\u00dflerei, mit der besten zentralen Lage war aber leider nicht zu haben, das gleich in der N\u00e4he liegende Zeidlerhaus zu klein und auch im Privatbesitz mit Renovierungsabsicht.<\/span><\/p>\n<p><span style=\"font-size: large;\">So kam wieder einmal der Zufall zum Zug und als Totzenbach 1996 Wasserleitung und Kanal bekam, hie\u00df es, da\u00df das alte &#8222;Danglhaus&#8220;, ehemalige Schmiede, aus Erhaltungskostengr\u00fcnden abgerissen werden sollte. Die junge Familie Dangl hatte schon lange hinten im Garten eine neues Haus errichtet. Nun wurden wir aufmerksam, da\u00df ein Abri\u00df gerade in der Dorfeinfahrt (&#8222;Herrengasse&#8220; im Volksmund &#8211; gepr\u00e4gt von den dortigen Bewohnern) eine L\u00fccke im Ortsbild schaffen w\u00fcrde, besagtes Objekt ist mit dem Torbogen und niedrigen Dach ein typisches altes Dorfhaus. Eine Besichtigung des Hauses zeigte dann, da\u00df da die Schmiede noch ziemlich unversehrt bestand, die Esse war freilich schon eingefallen und das Dach dar\u00fcber notd\u00fcrftig repariert worden. Am meisten staunten aber alle Beteiligten, da\u00df die alte schwarze K\u00fcche noch vollst\u00e4ndig erhalten war!\u00a0<\/span><\/p>\n<div id=\"attachment_340\" style=\"width: 310px\" class=\"wp-caption alignleft\"><img loading=\"lazy\" decoding=\"async\" aria-describedby=\"caption-attachment-340\" class=\"wp-image-340 size-medium\" src=\"http:\/\/totzenbach.at.c51.previewmysite.eu\/wp-content\/uploads\/2017\/06\/Schmiede_2-300x200.jpg\" alt=\"\" width=\"300\" height=\"200\" srcset=\"http:\/\/totzenbach.at.c51.previewmysite.eu\/wp-content\/uploads\/2017\/06\/Schmiede_2-300x200.jpg 300w, http:\/\/totzenbach.at.c51.previewmysite.eu\/wp-content\/uploads\/2017\/06\/Schmiede_2-768x513.jpg 768w, http:\/\/totzenbach.at.c51.previewmysite.eu\/wp-content\/uploads\/2017\/06\/Schmiede_2.jpg 848w\" sizes=\"(max-width: 300px) 100vw, 300px\" \/><p id=\"caption-attachment-340\" class=\"wp-caption-text\"><em>Die Stube in der alten Schmiede ist mit alten Einrichtungsgegenst\u00e4nden aus dem Dorf m\u00f6bliert.<\/em><\/p><\/div>\n<p><span style=\"font-size: large;\">An diesen Tatsachen konnte man nicht vor\u00fcbergehen und der damaligen Kulturreferentin im Gemeinderat und den Vereinsgremien ist zu verdanken, da\u00df diese Objekt von der Gemeinde langfristig angemietet wurde und seither vom Verein instandgesetzt und auch f\u00fcr Veranstaltungen ben\u00fctzt wird. Allerdings bedurfte &#8211; und bedarf es auch heute noch einiger Anstrengungen und der weiblichen Beharrlichkeit der Initiatorin, um dieses Werke weiterzubringen und nicht einschlafen zu lassen. Inzwischen gab es aber schon kleine aber gem\u00fctlicher Veranstaltungen wie &#8222;Fr\u00fchling in der Dorfschmiede&#8220; und &#8222;Schmittenfestl&#8220;, wo selbstverst\u00e4ndlich auch immer die vom Hobby-Schmied Franz Eichinger wiedererrichtete Esse in Betrieb ist und mitgebrachte Werkzeuge instand setzt und kleine Gebrauchsgegenst\u00e4nde wie zum Beispiel Kerzenleuchter anfertigt.<\/span><\/p>\n<p><a href=\"http:\/\/totzenbach.at.c51.previewmysite.eu\/wp-content\/uploads\/2017\/11\/Dorfmuseum.pdf\">Die Alte Schmiede von Totzenbach<\/a><\/p>\n<pre><em>(Der Text im download stammt aus der alten Website des Vereins der Freunde Totzenbachs und wurde in den Jahren 2001-2015 verfasst\/bearbeitet. Wir haben ihn als historisches Dokument aufgehoben. Neuere Informationen finden Sie gegebenenfalls auf dieser Seite.)\u00a0\u00a0<\/em><\/pre>\n<p>&nbsp;<\/p>\n","protected":false},"excerpt":{"rendered":"<p>Dorfmuseum &#8222;Alte Schmiede&#8220; von Leo Rollenitz Seit wenigen Jahren hat sich in Totzenbach\u00a0ein kleines Dorfmuseum mit Schmiede etabliert, welches auch jeweils am 1. Mai und zu manchmal auch Herbstbeginn mit [&hellip;]<\/p>\n","protected":false},"author":1,"featured_media":0,"parent":207,"menu_order":1,"comment_status":"closed","ping_status":"closed","template":"full-width-page-template.php","meta":{"footnotes":""},"_links":{"self":[{"href":"http:\/\/totzenbach.at\/index.php?rest_route=\/wp\/v2\/pages\/142"}],"collection":[{"href":"http:\/\/totzenbach.at\/index.php?rest_route=\/wp\/v2\/pages"}],"about":[{"href":"http:\/\/totzenbach.at\/index.php?rest_route=\/wp\/v2\/types\/page"}],"author":[{"embeddable":true,"href":"http:\/\/totzenbach.at\/index.php?rest_route=\/wp\/v2\/users\/1"}],"replies":[{"embeddable":true,"href":"http:\/\/totzenbach.at\/index.php?rest_route=%2Fwp%2Fv2%2Fcomments&post=142"}],"version-history":[{"count":9,"href":"http:\/\/totzenbach.at\/index.php?rest_route=\/wp\/v2\/pages\/142\/revisions"}],"predecessor-version":[{"id":345,"href":"http:\/\/totzenbach.at\/index.php?rest_route=\/wp\/v2\/pages\/142\/revisions\/345"}],"up":[{"embeddable":true,"href":"http:\/\/totzenbach.at\/index.php?rest_route=\/wp\/v2\/pages\/207"}],"wp:attachment":[{"href":"http:\/\/totzenbach.at\/index.php?rest_route=%2Fwp%2Fv2%2Fmedia&parent=142"}],"curies":[{"name":"wp","href":"https:\/\/api.w.org\/{rel}","templated":true}]}}