{"id":281,"date":"2017-11-06T21:05:06","date_gmt":"2017-11-06T21:05:06","guid":{"rendered":"http:\/\/totzenbach.at.c51.previewmysite.eu\/?page_id=281"},"modified":"2017-11-06T21:18:03","modified_gmt":"2017-11-06T21:18:03","slug":"doppel","status":"publish","type":"page","link":"http:\/\/totzenbach.at\/?page_id=281","title":{"rendered":"Doppel"},"content":{"rendered":"<p>Doppel ist eine Katastralgemeinde etwa 2 km s\u00fcd\u00f6stlich von Totzenbach gelegen. Bis vor wenigen Jahren war Doppel ein typisches Bauerndorf, welches als einzige der ehemligen Totzenbacher Katastralen sogar ein Wirtshaus hatte. Auch eine Filiale der Freiwilligen Feurwehr Totzenbach existierte hier, das Depot war direkt neben der Tiefk\u00fchlgemeinschaft, beide &#8222;Institutionen&#8220; im ehmaligen Milchh\u00e4usel angesiedelt &#8211; und sehr nahe beim Wirtshaus, kommunikationsf\u00f6rdernd halt. Auch der ganz alte Glockenstuhl befand sich in diesem Nahbereich.<\/p>\n<p><em>Mehr zu Doppel im pdf.-Text von Leo Rollenitz von unserer alten Totzenbach-Seite:<\/em><\/p>\n<p><a href=\"http:\/\/totzenbach.at.c51.previewmysite.eu\/wp-content\/uploads\/2017\/11\/Dorfseite-Doppel_Start_05112017.pdf\">Dorfseite Doppel_Start_05112017<\/a><\/p>\n<p><a href=\"http:\/\/totzenbach.at.c51.previewmysite.eu\/wp-content\/uploads\/2017\/11\/Dorfseite-Doppel_Entstehungsgeschichte-der-Dorfkapelle_05112017.pdf\">Dorfseite Doppel_Entstehungsgeschichte der Dorfkapelle_05112017<\/a><\/p>\n<p><a href=\"http:\/\/totzenbach.at.c51.previewmysite.eu\/wp-content\/uploads\/2017\/11\/Dorfseite-Doppel_Bildstock_05112017.pdf\">Dorfseite Doppel_Bildstock_05112017<\/a><\/p>\n<p><a href=\"http:\/\/totzenbach.at.c51.previewmysite.eu\/wp-content\/uploads\/2017\/11\/Dorfseite-Doppel_Biberdamm_05112017.pdf\">Dorfseite Doppel_Biberdamm_05112017<\/a><\/p>\n<pre><em>(Der Text im download stammt aus der alten Website des Vereins der Freunde Totzenbachs und wurde in den Jahren 2001-2015 verfasst\/bearbeitet. Wir haben ihn als historisches Dokument aufgehoben. Neuere Informationen finden Sie gegebenenfalls auf dieser Seite.)\u00a0\u00a0<\/em><\/pre>\n","protected":false},"excerpt":{"rendered":"<p>Doppel ist eine Katastralgemeinde etwa 2 km s\u00fcd\u00f6stlich von Totzenbach gelegen. Bis vor wenigen Jahren war Doppel ein typisches Bauerndorf, welches als einzige der ehemligen Totzenbacher Katastralen sogar ein Wirtshaus [&hellip;]<\/p>\n","protected":false},"author":2,"featured_media":0,"parent":120,"menu_order":1,"comment_status":"closed","ping_status":"closed","template":"","meta":{"footnotes":""},"_links":{"self":[{"href":"http:\/\/totzenbach.at\/index.php?rest_route=\/wp\/v2\/pages\/281"}],"collection":[{"href":"http:\/\/totzenbach.at\/index.php?rest_route=\/wp\/v2\/pages"}],"about":[{"href":"http:\/\/totzenbach.at\/index.php?rest_route=\/wp\/v2\/types\/page"}],"author":[{"embeddable":true,"href":"http:\/\/totzenbach.at\/index.php?rest_route=\/wp\/v2\/users\/2"}],"replies":[{"embeddable":true,"href":"http:\/\/totzenbach.at\/index.php?rest_route=%2Fwp%2Fv2%2Fcomments&post=281"}],"version-history":[{"count":3,"href":"http:\/\/totzenbach.at\/index.php?rest_route=\/wp\/v2\/pages\/281\/revisions"}],"predecessor-version":[{"id":306,"href":"http:\/\/totzenbach.at\/index.php?rest_route=\/wp\/v2\/pages\/281\/revisions\/306"}],"up":[{"embeddable":true,"href":"http:\/\/totzenbach.at\/index.php?rest_route=\/wp\/v2\/pages\/120"}],"wp:attachment":[{"href":"http:\/\/totzenbach.at\/index.php?rest_route=%2Fwp%2Fv2%2Fmedia&parent=281"}],"curies":[{"name":"wp","href":"https:\/\/api.w.org\/{rel}","templated":true}]}}