{"id":319,"date":"2017-11-06T21:37:22","date_gmt":"2017-11-06T21:37:22","guid":{"rendered":"http:\/\/totzenbach.at.c51.previewmysite.eu\/?page_id=319"},"modified":"2017-11-06T21:37:22","modified_gmt":"2017-11-06T21:37:22","slug":"riesenfichte-und-bildbuche","status":"publish","type":"page","link":"http:\/\/totzenbach.at\/?page_id=319","title":{"rendered":"Riesenfichte und Bildbuche"},"content":{"rendered":"<h3>Zwei Naturdenkm\u00e4ler im Wald: Die Riesenfichte und die Bildbuche<\/h3>\n<p><em>von Leo Rollenitz<\/em><\/p>\n<p>&nbsp;<\/p>\n<p><strong>Die Riesenfichte im &#8222;Br\u00fcnndlgraben&#8220; \/ Fuchsberg<\/strong><\/p>\n<p>Dieser &#8222;Superbaum&#8220; \u00fcberragt den Wald am Ursprung des Totzenbaches. Vor etwa 25 Jahren haben wir schon einmal Messungen durchgef\u00fchrt und eine Bohrung hat ergeben, dass &#8211; wider Erwarten &#8211; der Stamm noch recht gesund war &#8211; das Holz ist durchgehend fest und an Hand der Jahresringe kamen wir auf ein Alter von ca. 150 Jahren. Das Polaroid Schwarz-Weiss Bild stammt von damals. Durch die gesch\u00fctzte Lage in einer Senke, direkt am Lauf des Baches konnte sich dieser Baum so pr\u00e4chtig entwicklen. Trotz des hohen Holzwertes hatte der Waldbesitzer \u00fcber all die Jahrzehnte anscheinend so viel Ehrfurcht vor diesem Naturdenkmal, dass es uns bis heute erhalten geblieben ist.<\/p>\n<table>\n<tbody>\n<tr>\n<td colspan=\"2\"><strong>Abmessungen<\/strong><\/td>\n<\/tr>\n<tr>\n<td>Umfang in Stockh\u00f6he<\/td>\n<td>5,43m<\/td>\n<\/tr>\n<tr>\n<td>Umfang in 1 m H\u00f6he<\/td>\n<td>4,28m<\/td>\n<\/tr>\n<tr>\n<td>Umfang in 2 m H\u00f6he<\/td>\n<td>3,80m<\/td>\n<\/tr>\n<tr>\n<td>Triangulierte H\u00f6he<\/td>\n<td>45,7m<\/td>\n<\/tr>\n<\/tbody>\n<\/table>\n<p>Die aktuellsten Messungen wurden am 20. Mai 2004 durchgef\u00fchrt. Es ist auf Grund des Gel\u00e4ndes um den Baum nicht ganz einfach, einen Platz zu finden, wo man in einiger Entfernung den Fu\u00df und den Wipfel zugleich sehen kann, daher ist die triangulierte H\u00f6henmessung ein wenig unsicher. Das Resultat der H\u00f6henberechnung sollte aber innerhalb einer Genauigkeit von ca. 1 m liegen.<\/p>\n<p>Wenn man nun annimmt, dass der Stammdurchmesser in Wipfelh\u00f6he noch 20 cm betragen wird, so kommt man immerhin auf eine Holzmenge von ca. 18 Festmetern! Bei einem angenommenen spez. Gewicht von 0,8 kg\/dm<sup>3<\/sup> sind das 14,5 Tonnen Holz und damit etwa 105.000 MJ oder 28 MWh an gespeicherter Energie! Zum Vergleich: Die Heizung meines Wohnhauses kostet mich pro Jahr ca. 100.000 MJ, also w\u00fcrde dieser Baum gerade f\u00fcr ein Jahr reichen! Dabei bin ich von nur 1,9 kWh\/kg f\u00fcr frisches Holz ausgegengen. Getrocknet kommt Holz auf 4,3 kWh\/kg &#8211; allerdings ist dann das Gewicht nat\u00fcrlich auch geringer. Interessanterweise gilt dieser Wert f\u00fcr jede Sorte von Holz &#8211; wenn man es pro kg nimmt, hat also weiches und hartes Holz den selben Brennwert! Von der Feuchte ist der jeweilige Brennwert allerdings aber sehr stark abh\u00e4ngig und so kommen nur Pellets und Holzbriketts auf einen Rekordwert von 4,9 kWh\/kg &#8211; ein Holzbrikett von 2kg hat also fast 10 Kilowattstunden (Sonnen) Energie gespeichert! Bei entsprechend abgasoptimierten \u00d6fen ist diese Energieform ausgesprochen umweltfreundlich, das bei der Verbrennung zwangsl\u00e4ufig entstehende Kohlendioxyd wird bei diesem nachwachsenden Rohstoff beim Wachstum &#8222;recycled&#8220; &#8211; und tr\u00e4gt somit nicht zum Treibhauseffekt bei.<\/p>\n<p><strong>Die Bildbuche im Haspelwald<\/strong><\/p>\n<p>Am 1. September 2013 durften wir uns freuen &#8211; wir haben eine neue Bildbuche bekommen!<\/p>\n<p>Exakt an der Gemeindegrenze, wenn man von Thalheim \/ Winkling oder Murstetten bzw. Wiesen kommend die Stra\u00dfe Richtung Senning die Anh\u00f6he hinauff\u00e4hrt, kommt man nach der rechts gelegenen, ehemaligen Jausenstation durch einen sehr sch\u00f6nen Buchenwald. Genau beim Verlassen dieses Waldes macht die Stra\u00dfe eine scharfe Linkskurve &#8211; und an dieser Stelle stand rechts eine m\u00e4chtige Buche, wo nach dem 2. Weltkrieg eine Frau aus Dankbarkeit ein Marienbild befestigt hatte. 1992 renovierte der damalige Schmiedemeister Franz Maleschek aus Doppel dieses Bild aus Dankbarkeit, er war als einer der letzten \u00dcberlebenden der Kriegsh\u00f6lle in Stalingrad entkommen. Leider mu\u00dfte dann 1999 dieser Baum aus Sicherheitsgr\u00fcnden gef\u00e4llt werden. Bem\u00fchungen, dort einen neuen pflanzen zu d\u00fcrfen scheiterten jahrelang mit der beh\u00f6rdlichen Begr\u00fcndung der &#8222;Verkehrssicherheit&#8220;.<\/p>\n<p>Der Grundbesitzer aus Gunnersdorf, Umweltgemeinderat der Gemeinde Weissenkirchen, hatte nun doch Erfolg und beide Nachbargemeinden bem\u00fchten sich hier wieder einen Gedenkplatz zu schaffen. Nachdem der junge Baum noch kein Bild tragen kann, wurde auch ein Wegkreuz erreichtet und bei dieser Gelegenheit auch die umliegenden Wanderwege neu markiert und ein Jausenplatzerl eingerichtet. Damit wird dieser Ort sicherlich wieder ein Kreuzungspunkt f\u00fcr ein neu zu schaffendes Wanderwegenetz werden.<\/p>\n","protected":false},"excerpt":{"rendered":"<p>Zwei Naturdenkm\u00e4ler im Wald: Die Riesenfichte und die Bildbuche von Leo Rollenitz &nbsp; Die Riesenfichte im &#8222;Br\u00fcnndlgraben&#8220; \/ Fuchsberg Dieser &#8222;Superbaum&#8220; \u00fcberragt den Wald am Ursprung des Totzenbaches. Vor etwa [&hellip;]<\/p>\n","protected":false},"author":2,"featured_media":0,"parent":110,"menu_order":4,"comment_status":"closed","ping_status":"closed","template":"","meta":{"footnotes":""},"_links":{"self":[{"href":"http:\/\/totzenbach.at\/index.php?rest_route=\/wp\/v2\/pages\/319"}],"collection":[{"href":"http:\/\/totzenbach.at\/index.php?rest_route=\/wp\/v2\/pages"}],"about":[{"href":"http:\/\/totzenbach.at\/index.php?rest_route=\/wp\/v2\/types\/page"}],"author":[{"embeddable":true,"href":"http:\/\/totzenbach.at\/index.php?rest_route=\/wp\/v2\/users\/2"}],"replies":[{"embeddable":true,"href":"http:\/\/totzenbach.at\/index.php?rest_route=%2Fwp%2Fv2%2Fcomments&post=319"}],"version-history":[{"count":1,"href":"http:\/\/totzenbach.at\/index.php?rest_route=\/wp\/v2\/pages\/319\/revisions"}],"predecessor-version":[{"id":320,"href":"http:\/\/totzenbach.at\/index.php?rest_route=\/wp\/v2\/pages\/319\/revisions\/320"}],"up":[{"embeddable":true,"href":"http:\/\/totzenbach.at\/index.php?rest_route=\/wp\/v2\/pages\/110"}],"wp:attachment":[{"href":"http:\/\/totzenbach.at\/index.php?rest_route=%2Fwp%2Fv2%2Fmedia&parent=319"}],"curies":[{"name":"wp","href":"https:\/\/api.w.org\/{rel}","templated":true}]}}