{"id":322,"date":"2017-11-06T21:38:32","date_gmt":"2017-11-06T21:38:32","guid":{"rendered":"http:\/\/totzenbach.at.c51.previewmysite.eu\/?page_id=322"},"modified":"2017-11-06T21:39:19","modified_gmt":"2017-11-06T21:39:19","slug":"der-kogelbaum","status":"publish","type":"page","link":"http:\/\/totzenbach.at\/?page_id=322","title":{"rendered":"Der Kogelbaum"},"content":{"rendered":"<h3><strong>Der landschaftsbeherrschende Kogelbaum<\/strong><\/h3>\n<p><em>von Leo Rollenitz<\/em><\/p>\n<p>Wenn man mit der Westbahn aus Richtung Wien kommt und in Fahrtrichtung rechts aus dem Fenster blickt, so gr\u00fc\u00dft einem dieser auf dem &#8222;Dopplinger Kogel&#8220; *) allein stehend Baum schon kurz nach der Bahnstation Neulengbach bis fast auf die H\u00f6he der uralten Kirche von Lanzendorf. F\u00fcr Leute mit &#8222;Pendlerschicksal&#8220; wie mich ist dieser Gru\u00df das willkommene Zeichen, endlich wieder daheim zu sein! Nebenstehendes Foto wurd vom alten Neulengbacher Gerichtsgeb\u00e4ude aus gemacht. Diese Buche ist sehr alt und wegen ihrer hervorragenden Lage wahrscheinlich beim Roden des Urwaldes, welcher in fr\u00fcheren Jahrhunderten die ganze Gegend bedeckt hatte, stehen geblieben. Nicht unwahrscheinlich ist auch, dass dieser Ort einst kultische Bedeutung hatte.<\/p>\n<p>Dem heutigen Besitzer dieses Grundst\u00fcckes ist es ein Anliegen, den Baum f\u00fcr k\u00fcnftige Generationen zu erhalten &#8211; ein neu gepflanzter w\u00fcrde sicher an die hundert Jahre brauchen, um f\u00fcr die Gegend wieder so imposant zu werden! Viele Untersuchungen haben leider keinen guten Zustand ergeben und so wurde versucht, durch eine Umz\u00e4unung manche sch\u00e4dliche Einfl\u00fcsse vom Baum abzuhalten.<\/p>\n<p>Seit einigen Jahren wird das Sonnwendfeuer der Ortsgemeinschaft Doppel am Kogel abgehalten &#8211; nat\u00fcrlich in sicherem Abstand vom Baum. Auch die Totzenbacher haben sich diesem Fest angeschlossen, der traditionelle Platz am Hausberg und Steingraben ist wegen der Auffortstung der letzten Jahre nicht mehr ben\u00fctzbar.<\/p>\n<p>Am 9.9.1999 wurde unser Baum auch Zeuge einer Zeremonie, die er sicher noch nicht gesehen hatte: Herr <strong><em>Kogler<\/em><\/strong> aus Fuchsberg gab seiner Klaudia genau unter dem Kogelbaum das Ja-Wort (nat\u00fcrlich bekam er daf\u00fcr ein ebensolches von seiner jungen Frau).<\/p>\n<p>*) besagter &#8222;Dopplinger Kogel&#8220; geh\u00f6rt eigentlich der Katastrale Senning!<\/p>\n","protected":false},"excerpt":{"rendered":"<p>Der landschaftsbeherrschende Kogelbaum von Leo Rollenitz Wenn man mit der Westbahn aus Richtung Wien kommt und in Fahrtrichtung rechts aus dem Fenster blickt, so gr\u00fc\u00dft einem dieser auf dem &#8222;Dopplinger [&hellip;]<\/p>\n","protected":false},"author":2,"featured_media":0,"parent":110,"menu_order":7,"comment_status":"closed","ping_status":"closed","template":"","meta":{"footnotes":""},"_links":{"self":[{"href":"http:\/\/totzenbach.at\/index.php?rest_route=\/wp\/v2\/pages\/322"}],"collection":[{"href":"http:\/\/totzenbach.at\/index.php?rest_route=\/wp\/v2\/pages"}],"about":[{"href":"http:\/\/totzenbach.at\/index.php?rest_route=\/wp\/v2\/types\/page"}],"author":[{"embeddable":true,"href":"http:\/\/totzenbach.at\/index.php?rest_route=\/wp\/v2\/users\/2"}],"replies":[{"embeddable":true,"href":"http:\/\/totzenbach.at\/index.php?rest_route=%2Fwp%2Fv2%2Fcomments&post=322"}],"version-history":[{"count":2,"href":"http:\/\/totzenbach.at\/index.php?rest_route=\/wp\/v2\/pages\/322\/revisions"}],"predecessor-version":[{"id":324,"href":"http:\/\/totzenbach.at\/index.php?rest_route=\/wp\/v2\/pages\/322\/revisions\/324"}],"up":[{"embeddable":true,"href":"http:\/\/totzenbach.at\/index.php?rest_route=\/wp\/v2\/pages\/110"}],"wp:attachment":[{"href":"http:\/\/totzenbach.at\/index.php?rest_route=%2Fwp%2Fv2%2Fmedia&parent=322"}],"curies":[{"name":"wp","href":"https:\/\/api.w.org\/{rel}","templated":true}]}}